{"id":1,"date":"2019-09-05T08:43:56","date_gmt":"2019-09-05T08:43:56","guid":{"rendered":"http:\/\/fensterbaustoll.de\/test_page\/?p=1"},"modified":"2022-12-10T07:46:14","modified_gmt":"2022-12-10T07:46:14","slug":"home","status":"publish","type":"page","link":"https:\/\/fensterbaustoll.de\/","title":{"rendered":"Home"},"content":{"rendered":"<div>\n<p>    <video src=\"\/wp-content\/uploads\/2021\/04\/StollStartMesskirch2.mp4\"><\/p>\n<div>\n<p><img loading=\"lazy\" class=\"alignnone size-medium wp-image-1126\" src=\"http:\/\/fensterbaustoll.de\/wp-content\/uploads\/2021\/03\/Stoll_Logo_2021_weiss.png\" alt=\"\" width=\"540\" height=\"117\" \/><\/p>\n<\/div>\n<\/div>\n<h2><strong>MIT UNS BEHALTEN SIE DEN DURCHBLICK <br \/><\/strong><\/h2>\n<div>\n<p>Fensterbau &amp; Glasfassaden Stoll gilt seit vielen Jahren als Spezialist fu\u0308r viele Ideen rund um das Haus. Unsere eigene Produktion sowie eine breite Produktpalette namhafter Hersteller garantiert individuelle L\u00f6sungen fu\u0308r jede Anforderung. Beratung, Planung und Umsetzung kommen aus einer Hand.<strong> Bei uns gilt &#8211;<\/strong> <strong>Qualit\u00e4t statt Quantit\u00e4t<\/strong>. In unserem u\u0308ber 120 qm Schauraum zeigen wir Ihnen Fenster, Haustu\u0308ren und Sonnenschutzprodukte mit erstklassigem Preis-\/Leistungsverh\u00e4ltnis.<\/p>\n<p>Wir wissen, worauf es beim Material ankommt. Wir kennen uns aus mit dem perfekten Einbau. Wir sagen Ihnen, welche M\u00f6glichkeiten es gibt und wir bieten Ihnen den kompetenten Service in den Bereichen Fenster, Glasfassaden, T\u00fcren sowie Roll\u00e4den, Raffstore und Sonnenschutz. <strong>Deshalb sollten Sie zu uns kommen, denn auf uns k\u00f6nnen Sie sich verlassen!<\/strong><\/p>\n<\/div>\n<h3>K\u00fcrzlich abgeschlossene Projekte<\/h3>\n<p><a href=\"http:\/\/fensterbaustoll.de\/?page_id=1375\"><img src=\"\/wp-content\/uploads\/2021\/04\/WohnGeschaetshaus_bea.jpg\" alt=\"\"><\/a><br \/>\n<a href=\"http:\/\/fensterbaustoll.de\/?page_id=1377\"><img src=\"\/wp-content\/uploads\/2021\/04\/StachusMesskirch_A_750x450px.jpg\" alt=\"Stachus \u2013 Messkirch\"><\/a><br \/>\n<a href=\"http:\/\/fensterbaustoll.de\/?page_id=1387\"><img src=\"\/wp-content\/uploads\/2021\/04\/RathausDtal_A_750x600px.jpg\" alt=\"\"><\/a><br \/>\n<a href=\"http:\/\/fensterbaustoll.de\/?page_id=1535\"><img src=\"\/wp-content\/uploads\/2022\/12\/Owingen-start.jpg\" alt=\"Mehrgenerationenwohnen \u2013 Owingen\"><\/a><br \/>\n<a href=\"http:\/\/fensterbaustoll.de\/?page_id=1368\"><img src=\"\/wp-content\/uploads\/2022\/12\/ChristlicheSchule3_bea-start-1-scaled.jpg\" alt=\"\"><\/a><\/p>\n<p>\n    <a href=\"\/index.php?page_id=2\">Hier geht es zu weiteren Referenzobjekten<\/a>\n<\/p>\n<h3>Wir bieten individuelle L\u00f6sungen zu fairen Preisen, l\u00f6sen komplexe Aufgaben, sind ein familiengef\u00fchrter Handwerksbetrieb und das bereits seit 1911.<\/h3>\n<p>\n    <a href=\"\/index.php?page_id=1105\">Wir freuen uns auf Ihre Anfrage<\/a>\n<\/p>\n<p><!-- {\"name\":\"Home\",\"type\":\"layout\",\"children\":[{\"name\":\"Hero\",\"type\":\"section\",\"props\":{\"style\":\"default\",\"width\":\"\",\"vertical_align\":\"middle\",\"title_position\":\"top-left\",\"title_rotation\":\"left\",\"title_breakpoint\":\"xl\",\"image_position\":\"center-center\",\"padding\":\"none\",\"image\":\"\",\"overlap\":false},\"children\":[{\"name\":\"\",\"type\":\"row\",\"children\":[{\"name\":\"\",\"type\":\"column\",\"props\":{\"image_position\":\"center-center\",\"media_overlay_gradient\":\"\",\"width_medium\":\"1-1\",\"image\":\"wp-content\\\/uploads\\\/2021\\\/03\\\/Stoll_Logo_2021_weiss.png\",\"image_size\":\"cover\"},\"children\":[{\"type\":\"slideshow\",\"props\":{\"show_title\":true,\"show_meta\":true,\"show_content\":true,\"show_link\":true,\"show_thumbnail\":true,\"slideshow_min_height\":\"600\",\"slideshow_autoplay_pause\":false,\"nav\":\"\",\"nav_position\":\"bottom-center\",\"nav_position_margin\":\"medium\",\"nav_align\":\"center\",\"nav_breakpoint\":\"s\",\"thumbnav_width\":\"100\",\"thumbnav_height\":\"75\",\"thumbnav_svg_color\":\"emphasis\",\"slidenav\":\"default\",\"slidenav_margin\":\"medium\",\"slidenav_breakpoint\":\"s\",\"slidenav_outside_breakpoint\":\"xl\",\"overlay_position\":\"center\",\"overlay_animation\":\"parallax\",\"title_element\":\"h3\",\"meta_style\":\"meta\",\"meta_align\":\"below-title\",\"meta_element\":\"div\",\"link_text\":\"Read more\",\"link_style\":\"default\",\"margin\":\"default\",\"overlay_container\":\"default\",\"overlay_container_padding\":\"large\",\"slideshow_height\":\"percent\",\"slideshow_autoplay\":true,\"margin_remove_bottom\":true,\"margin_remove_top\":true},\"children\":[{\"type\":\"slideshow_item\",\"props\":{\"video\":\"wp-content\\\/uploads\\\/2021\\\/04\\\/StollStartMesskirch2.mp4\",\"title\":\"\",\"content\":\"\n\n<p><img class=\\\"alignnone size-medium wp-image-1126\\\" src=\\\"http:\\\/\\\/fensterbaustoll.de\\\/wp-content\\\/uploads\\\/2021\\\/03\\\/Stoll_Logo_2021_weiss.png\\\" alt=\\\"\\\" width=\\\"540\\\" height=\\\"117\\\" \\\/><\\\/p>\"}}]}]}],\"props\":{\"match\":false,\"margin_remove_top\":true,\"class\":\"slide-top-start\"}}]},{\"name\":\"About us\",\"type\":\"section\",\"props\":{\"width\":\"default\",\"padding\":\"large\",\"style\":\"default\",\"media\":\"\",\"height_viewport\":false,\"header_overlay\":\"light\",\"animation\":\"slide-top-small\",\"padding_remove_top\":false,\"image_size\":\"cover\",\"image_position\":\"center-center\",\"vertical_align\":\"middle\",\"title_position\":\"top-left\",\"title_rotation\":\"left\",\"title_breakpoint\":\"xl\"},\"children\":[{\"name\":\"\",\"type\":\"row\",\"children\":[{\"name\":\"\",\"type\":\"column\",\"props\":{\"image_position\":\"center-center\",\"media_overlay_gradient\":\"\",\"width_medium\":\"1-1\"},\"children\":[{\"name\":\"\",\"type\":\"headline\",\"props\":{\"title_element\":\"h2\",\"content\":\"<strong>MIT UNS BEHALTEN SIE DEN DURCHBLICK <br \\\/><\\\/strong>\",\"text_align\":\"center\",\"text_align_fallback\":\"center\",\"maxwidth\":\"2xlarge\",\"title_style\":\"h2\"}},{\"name\":\"Text\",\"type\":\"text\",\"props\":{\"column_breakpoint\":\"m\",\"text_style\":\"lead\",\"margin\":\"\",\"content\":\"\n\n<p>Fensterbau &amp; Glasfassaden Stoll gilt seit vielen Jahren als Spezialist fu\\u0308r viele Ideen rund um das Haus. Unsere eigene Produktion sowie eine breite Produktpalette namhafter Hersteller garantiert individuelle L\\u00f6sungen fu\\u0308r jede Anforderung. Beratung, Planung und Umsetzung kommen aus einer Hand.<strong> Bei uns gilt -<\\\/strong> <strong>Qualit\\u00e4t statt Quantit\\u00e4t<\\\/strong>. In unserem u\\u0308ber 120 qm Schauraum zeigen wir Ihnen Fenster, Haustu\\u0308ren und Sonnenschutzprodukte mit erstklassigem Preis-\\\/Leistungsverh\\u00e4ltnis.<\\\/p>\\n\n\n<p><br \\\/>Wir wissen, worauf es beim Material ankommt. Wir kennen uns aus mit dem perfekten Einbau. Wir sagen Ihnen, welche M\\u00f6glichkeiten es gibt und wir bieten Ihnen den kompetenten Service in den Bereichen Fenster, Glasfassaden, T\\u00fcren sowie Roll\\u00e4den, Raffstore und Sonnenschutz. <strong>Deshalb sollten Sie zu uns kommen, denn auf uns k\\u00f6nnen Sie sich verlassen!<\\\/strong><\\\/p>\",\"dropcap\":false,\"margin_remove_bottom\":false},\"modified\":\"2021-04-18T17:18:01.581Z\"}]}],\"props\":{\"margin_remove_bottom\":false}}]},{\"name\":\"Featured work\",\"type\":\"section\",\"props\":{\"width\":\"small\",\"padding\":\"large\",\"style\":\"default\",\"media\":\"\",\"height_viewport\":false,\"header_overlay\":\"light\",\"animation\":\"fade\",\"padding_remove_top\":true,\"image_size\":\"cover\",\"image_position\":\"center-center\",\"vertical_align\":\"middle\",\"title_position\":\"top-left\",\"title_rotation\":\"left\",\"title_breakpoint\":\"xl\"},\"children\":[{\"name\":\"\",\"type\":\"row\",\"props\":{\"vertical_align\":true,\"column_gap\":\"medium\",\"row_gap\":\"medium\"},\"children\":[{\"name\":\"\",\"type\":\"column\",\"props\":{\"image_position\":\"center-center\",\"vertical_align\":\"middle\",\"media_overlay_gradient\":\"\",\"width_medium\":\"1-1\"},\"children\":[{\"name\":\"\",\"type\":\"headline\",\"props\":{\"title_element\":\"h3\",\"text_align\":\"center\",\"content\":\"K\\u00fcrzlich abgeschlossene Projekte\",\"title_style\":\"h5\",\"title_decoration\":\"line\",\"margin_remove_top\":false}}]}]},{\"name\":\"\",\"type\":\"row\",\"props\":{\"layout\":\"1-3,1-3,1-3\",\"match\":true,\"vertical_align\":false,\"margin\":\"large\",\"column_gap\":\"medium\",\"row_gap\":\"medium\"},\"children\":[{\"name\":\"\",\"type\":\"column\",\"props\":{\"image_position\":\"center-center\",\"media_overlay_gradient\":\"\",\"width_medium\":\"1-3\"},\"children\":[{\"name\":\"\",\"type\":\"image\",\"props\":{\"image\":\"wp-content\\\/uploads\\\/2021\\\/04\\\/WohnGeschaetshaus_bea.jpg\",\"inline_align\":\"center\",\"margin\":\"default\",\"image_width\":\"610\",\"image_alt\":\"\",\"link\":\"http:\\\/\\\/fensterbaustoll.de\\\/?page_id=1375\",\"image_svg_color\":\"emphasis\"}}]},{\"name\":\"\",\"type\":\"column\",\"props\":{\"image_position\":\"center-center\",\"media_overlay_gradient\":\"\",\"width_medium\":\"1-3\",\"vertical_align\":\"middle\"},\"children\":[{\"name\":\"\",\"type\":\"image\",\"props\":{\"image\":\"wp-content\\\/uploads\\\/2021\\\/04\\\/StachusMesskirch_A_750x450px.jpg\",\"margin\":\"default\",\"inline_align\":\"center\",\"image_alt\":\"Stachus \\u2013 Messkirch\",\"link\":\"http:\\\/\\\/fensterbaustoll.de\\\/?page_id=1377\",\"margin_remove_top\":true,\"image_svg_color\":\"emphasis\"}},{\"name\":\"\",\"type\":\"image\",\"props\":{\"image\":\"wp-content\\\/uploads\\\/2021\\\/04\\\/RathausDtal_A_750x600px.jpg\",\"inline_align\":\"center\",\"margin\":\"remove-vertical\",\"image_width\":\"auto\",\"image_alt\":\"\",\"link\":\"http:\\\/\\\/fensterbaustoll.de\\\/?page_id=1387\",\"margin_remove_bottom\":false,\"image_svg_color\":\"emphasis\"}}]},{\"type\":\"column\",\"props\":{\"image_position\":\"center-center\",\"media_overlay_gradient\":\"\",\"width_medium\":\"1-3\",\"vertical_align\":\"middle\"},\"children\":[{\"name\":\"\",\"type\":\"image\",\"props\":{\"image\":\"wp-content\\\/uploads\\\/2022\\\/12\\\/Owingen-start.jpg\",\"inline_align\":\"center\",\"margin\":\"remove-vertical\",\"image_width\":\"auto\",\"image_alt\":\"Mehrgenerationenwohnen \\u2013 Owingen\",\"link\":\"http:\\\/\\\/fensterbaustoll.de\\\/?page_id=1535\",\"margin_remove_bottom\":false,\"image_svg_color\":\"emphasis\",\"image_height\":\"500\"}},{\"name\":\"\",\"type\":\"image\",\"props\":{\"image\":\"wp-content\\\/uploads\\\/2022\\\/12\\\/ChristlicheSchule3_bea-start-1-scaled.jpg\",\"margin\":\"default\",\"inline_align\":\"center\",\"image_width\":\"610\",\"image_alt\":\"\",\"link\":\"http:\\\/\\\/fensterbaustoll.de\\\/?page_id=1368\",\"margin_remove_top\":false,\"image_svg_color\":\"emphasis\"}}]}]},{\"name\":\"\",\"type\":\"row\",\"children\":[{\"name\":\"\",\"type\":\"column\",\"props\":{\"image_position\":\"center-center\",\"media_overlay_gradient\":\"\",\"width_medium\":\"1-1\"},\"children\":[{\"name\":\"\",\"type\":\"button\",\"props\":{\"inline_align\":\"center\",\"margin\":\"default\",\"text_align\":\"center\",\"grid_column_gap\":\"small\",\"grid_row_gap\":\"small\"},\"children\":[{\"name\":\"\",\"type\":\"button_item\",\"props\":{\"button_style\":\"default\",\"content\":\"Hier geht es zu weiteren Referenzobjekten\",\"link\":\"index.php?page_id=2\",\"link_title\":\"View Portfolio\",\"icon_align\":\"left\"}}]}]}]}]},{\"name\":\"Teaser\",\"type\":\"section\",\"props\":{\"width\":\"default\",\"padding\":\"large\",\"style\":\"secondary\",\"media\":\"images\\\/home-quality.jpg\",\"height_viewport\":false,\"image\":\"wp-content\\\/uploads\\\/2021\\\/04\\\/DJI_0192_bea-scaled.jpg\",\"animation\":\"fade\",\"image_size\":\"cover\",\"image_position\":\"center-center\",\"vertical_align\":\"middle\",\"title_position\":\"top-left\",\"title_rotation\":\"left\",\"title_breakpoint\":\"xl\",\"image_width\":\"2560\",\"height\":\"percent\",\"animation_delay\":false,\"padding_remove_horizontal\":false},\"children\":[{\"name\":\"\",\"type\":\"row\",\"children\":[{\"name\":\"\",\"type\":\"column\",\"props\":{\"image_position\":\"center-center\",\"media_overlay_gradient\":\"\",\"width_medium\":\"1-1\"},\"children\":[{\"name\":\"\",\"type\":\"headline\",\"props\":{\"title_element\":\"h3\",\"content\":\"Wir bieten individuelle L\\u00f6sungen zu fairen Preisen, l\\u00f6sen komplexe Aufgaben, sind ein familiengef\\u00fchrter Handwerksbetrieb und das bereits seit 1911.\",\"title_style\":\"h2\",\"text_align\":\"center\",\"maxwidth\":\"large\",\"margin\":\"medium\",\"block_align\":\"center\"}},{\"name\":\"\",\"type\":\"button\",\"props\":{\"inline_align\":\"center\",\"margin\":\"default\",\"text_align\":\"center\",\"grid_column_gap\":\"small\",\"grid_row_gap\":\"small\"},\"children\":[{\"name\":\"\",\"type\":\"button_item\",\"props\":{\"button_style\":\"primary\",\"content\":\"Wir freuen uns auf Ihre Anfrage\",\"link\":\"index.php?page_id=1105\",\"link_title\":\"Anfrage\",\"icon_align\":\"right\",\"icon\":\"mail\"}}]}]}],\"props\":{\"margin_remove_top\":false}},{\"type\":\"row\",\"children\":[{\"type\":\"column\",\"props\":{\"image_position\":\"center-center\",\"media_overlay_gradient\":\"\"},\"children\":[]}]}]}],\"version\":\"2.3.25\"} --><\/p>\n","protected":false},"excerpt":{"rendered":"<p>MIT UNS BEHALTEN SIE DEN DURCHBLICK Fensterbau &amp; Glasfassaden Stoll gilt seit vielen Jahren als Spezialist fu\u0308r viele Ideen rund um das Haus. Unsere eigene Produktion sowie eine breite Produktpalette namhafter Hersteller garantiert individuelle L\u00f6sungen fu\u0308r jede Anforderung. Beratung, Planung und Umsetzung kommen aus einer Hand. Bei uns gilt &#8211; Qualit\u00e4t statt Quantit\u00e4t. In unserem [&hellip;]<\/p>\n","protected":false},"author":1,"featured_media":0,"parent":0,"menu_order":0,"comment_status":"open","ping_status":"open","template":"","meta":[],"_links":{"self":[{"href":"https:\/\/fensterbaustoll.de\/index.php?rest_route=\/wp\/v2\/pages\/1"}],"collection":[{"href":"https:\/\/fensterbaustoll.de\/index.php?rest_route=\/wp\/v2\/pages"}],"about":[{"href":"https:\/\/fensterbaustoll.de\/index.php?rest_route=\/wp\/v2\/types\/page"}],"author":[{"embeddable":true,"href":"https:\/\/fensterbaustoll.de\/index.php?rest_route=\/wp\/v2\/users\/1"}],"replies":[{"embeddable":true,"href":"https:\/\/fensterbaustoll.de\/index.php?rest_route=%2Fwp%2Fv2%2Fcomments&post=1"}],"version-history":[{"count":56,"href":"https:\/\/fensterbaustoll.de\/index.php?rest_route=\/wp\/v2\/pages\/1\/revisions"}],"predecessor-version":[{"id":1554,"href":"https:\/\/fensterbaustoll.de\/index.php?rest_route=\/wp\/v2\/pages\/1\/revisions\/1554"}],"wp:attachment":[{"href":"https:\/\/fensterbaustoll.de\/index.php?rest_route=%2Fwp%2Fv2%2Fmedia&parent=1"}],"curies":[{"name":"wp","href":"https:\/\/api.w.org\/{rel}","templated":true}]}}