{"id":4,"date":"2019-09-05T08:43:56","date_gmt":"2019-09-05T08:43:56","guid":{"rendered":"http:\/\/fensterbaustoll.de\/test_page\/?p=4"},"modified":"2022-12-10T07:55:10","modified_gmt":"2022-12-10T07:55:10","slug":"about","status":"publish","type":"page","link":"https:\/\/fensterbaustoll.de\/?page_id=4","title":{"rendered":"About"},"content":{"rendered":"<ul>\n<li>\n<p>        <img src=\"\/wp-content\/uploads\/2021\/05\/Stoll_history_web.png\" alt=\"\"><\/p>\n<\/li>\n<li>\n<p>        <img src=\"\/wp-content\/uploads\/2021\/04\/DJI_0203_bea-scaled.jpg\" alt=\"\"><\/p>\n<\/li>\n<\/ul>\n<h1><strong>MIT DEM RICHTIGEN DURCHBLICK \u2013 SEIT 1911<\/strong><\/h1>\n<div>\n<p>Das Unternehmen &#8222;Fensterbau Stoll&#8220; wurde 1911 von Karl Stoll als Schreinerei mit den Arbeitsbereichen M\u00f6belschreinerei in der Schlossstra\u00dfe in Me\u00dfkirch gegr\u00fcndet. Hans Stoll f\u00fchrte es nach dem 2. Weltkrieg weiter und erweiterte den T\u00e4tigkeitsbereich als M\u00f6belschreiner und Parkettleger. 1980 \u00fcbernahm Friedhelm Stoll den Betrieb und optimierte die Grundlagen f\u00fcr die Zukunft und spezialisierte sich im Fensterbaubereich. Seit 2012 leitet er gemeinsam mit Sohn Stefan Stoll das Unternehmen als GmbH &amp; Co KG.<\/p>\n<\/div>\n<div>\n<p>Der Firmensitz befindet sich inzwischen samt Produktionshalle im Industriegebiet Me\u00dfkirch\/Menningen. Wir sind seither stetig weiter gewachsen und besch\u00e4ftigen derzeit 12 Mitarbeiter. Schwerpunkt unserer T\u00e4tigkeiten sind die Produktion und die Montage von Holz- und Holz-\/Aluminiumfenstern sowie Pfosten-Riegelfassaden in Holz und Aluminium. Als Handelsprodukte liefern und montieren wir auch PVC-Fenster und qualitative Beschattungen jeglicher Art. <strong>Gerne beraten wir Sie zu Ihren Fragen, kommen Sie gerne auch vorbei oder rufen Sie uns unter 07575-1725 an.<\/strong><\/p>\n<\/div>\n<h2>Wir sind Ihre Ansprechpartner<\/h2>\n<ul>\n<li>\n<p>        <img src=\"\/wp-content\/uploads\/2022\/12\/Stefan_Stoll.jpg\" alt=\"\"><\/p>\n<h3>Stefan Stoll<\/h3>\n<p>Gesch\u00e4ftsf\u00fchrer<\/p>\n<div>Seit 1999 bin im Bereich der Holzbearbeitung t\u00e4tig und bin 2003 in den elterlichen Betrieb eingestiegen. Nachdem ich 2010 meinen Schreinermeister gemacht habe, f\u00fchre ich unser Unternehmen nun seit 2012 als Gesch\u00e4ftsf\u00fchrer. Bislang gab es kaum ein Projekt f\u00fcr das ich mit meinem Team, noch keine L\u00f6sung gefunden habe!<\/div>\n<\/li>\n<li>\n<p>        <img src=\"\/wp-content\/uploads\/2021\/07\/Monika-Messmer_web.jpg\" alt=\"\"><\/p>\n<h3>Monika Me\u00dfmer<\/h3>\n<p>Kundenservice vor Ort<\/p>\n<div>Monika Me\u00dfmer ist die gute Seele des Hauses, sie ist ihr Ansprechpartner rund um Angebote und Rechnungen. Auch unser Buchhaltung und die L\u00f6hne sind bei bestens betreut. <\/div>\n<\/li>\n<li>\n<h3>Friedhelm Stoll<\/h3>\n<p>Senior-Chef<\/p>\n<\/li>\n<li>\n<h3>E. Schatz<\/h3>\n<p>Werkstattleitung<\/p>\n<div>Edgar ist seit vielen Jahren als Schreinermeister bei uns besch\u00e4ftig, um genau zu sein ist er seit 1981 im Betrieb. Seine Aufgabengebiete sind die Arbeitsvorbereitung f\u00fcr Holz und Holz-Alufenster, die Organisation und betreuung der Arbeitsabl\u00e4uf in der Produktion.<\/div>\n<\/li>\n<\/ul>\n<h2>\n<p>Wir freuen uns auf Ihre Anfrage.<\/p>\n<\/h2>\n<p><!-- {\"name\":\"About\",\"type\":\"layout\",\"children\":[{\"name\":\"About\",\"type\":\"section\",\"props\":{\"width\":\"default\",\"padding\":\"large\",\"style\":\"default\",\"padding_remove_top\":true,\"image_size\":\"cover\",\"image_position\":\"center-center\",\"vertical_align\":\"middle\",\"title_position\":\"top-left\",\"title_rotation\":\"left\",\"title_breakpoint\":\"xl\",\"class\":\"slider-uu\"},\"children\":[{\"name\":\"\",\"type\":\"row\",\"props\":{\"margin\":\"large\",\"margin_remove_top\":false,\"class\":\"slideshow-uu\"},\"children\":[{\"name\":\"\",\"type\":\"column\",\"props\":{\"image_position\":\"center-center\",\"media_overlay_gradient\":\"\",\"width_medium\":\"1-1\"},\"children\":[{\"type\":\"slideshow\",\"props\":{\"show_title\":true,\"show_meta\":true,\"show_content\":true,\"show_link\":true,\"show_thumbnail\":true,\"slideshow_min_height\":300,\"slideshow_autoplay_pause\":true,\"nav\":\"dotnav\",\"nav_position\":\"bottom-center\",\"nav_position_margin\":\"medium\",\"nav_align\":\"center\",\"nav_breakpoint\":\"s\",\"thumbnav_width\":\"100\",\"thumbnav_height\":\"75\",\"thumbnav_svg_color\":\"emphasis\",\"slidenav\":\"default\",\"slidenav_margin\":\"medium\",\"slidenav_breakpoint\":\"s\",\"slidenav_outside_breakpoint\":\"xl\",\"overlay_position\":\"center-left\",\"overlay_animation\":\"parallax\",\"title_element\":\"h3\",\"meta_style\":\"meta\",\"meta_align\":\"below-title\",\"meta_element\":\"div\",\"link_text\":\"Read more\",\"link_style\":\"default\",\"margin\":\"default\",\"slideshow_autoplay\":true,\"slideshow_kenburns\":\"\",\"nav_below\":true},\"children\":[{\"type\":\"slideshow_item\",\"props\":{\"image\":\"wp-content\\\/uploads\\\/2021\\\/05\\\/Stoll_history_web.png\"}},{\"type\":\"slideshow_item\",\"props\":{\"image\":\"wp-content\\\/uploads\\\/2021\\\/04\\\/DJI_0203_bea-scaled.jpg\"}}]}]}]},{\"type\":\"row\",\"children\":[{\"type\":\"column\",\"props\":{\"image_position\":\"center-center\",\"media_overlay_gradient\":\"\"},\"children\":[{\"name\":\"\",\"type\":\"headline\",\"props\":{\"title_element\":\"h1\",\"title_style\":\"h2\",\"text_align\":\"center\",\"content\":\"<strong>MIT DEM RICHTIGEN DURCHBLICK \\u2013 SEIT 1911<\\\/strong>\",\"margin_remove_top\":true,\"margin_remove_bottom\":true}}]}]},{\"name\":\"\",\"type\":\"row\",\"props\":{\"width\":\"small\",\"margin\":\"xlarge\",\"margin_remove_top\":true},\"children\":[{\"name\":\"\",\"type\":\"column\",\"props\":{\"image_position\":\"center-center\",\"media_overlay_gradient\":\"\",\"width_medium\":\"1-1\"},\"children\":[{\"name\":\"\",\"type\":\"text\",\"props\":{\"column_breakpoint\":\"m\",\"text_style\":\"lead\",\"margin\":\"\",\"content\":\"\n\n<p>Das Unternehmen \\\"Fensterbau Stoll\\\" wurde 1911 von Karl Stoll als Schreinerei mit den Arbeitsbereichen M\\u00f6belschreinerei in der Schlossstra\\u00dfe in Me\\u00dfkirch gegr\\u00fcndet. Hans Stoll f\\u00fchrte es nach dem 2. Weltkrieg weiter und erweiterte den T\\u00e4tigkeitsbereich als M\\u00f6belschreiner und Parkettleger. 1980 \\u00fcbernahm Friedhelm Stoll den Betrieb und optimierte die Grundlagen f\\u00fcr die Zukunft und spezialisierte sich im Fensterbaubereich. Seit 2012 leitet er gemeinsam mit Sohn Stefan Stoll das Unternehmen als GmbH &amp; Co KG.<\\\/p>\",\"dropcap\":true}},{\"name\":\"\",\"type\":\"text\",\"props\":{\"column_breakpoint\":\"m\",\"margin\":\"medium\",\"content\":\"\n\n<p>Der Firmensitz befindet sich inzwischen samt Produktionshalle im Industriegebiet Me\\u00dfkirch\\\/Menningen. Wir sind seither stetig weiter gewachsen und besch\\u00e4ftigen derzeit 12 Mitarbeiter. Schwerpunkt unserer T\\u00e4tigkeiten sind die Produktion und die Montage von Holz- und Holz-\\\/Aluminiumfenstern sowie Pfosten-Riegelfassaden in Holz und Aluminium. Als Handelsprodukte liefern und montieren wir auch PVC-Fenster und qualitative Beschattungen jeglicher Art. <strong>Gerne beraten wir Sie zu Ihren Fragen, kommen Sie gerne auch vorbei oder rufen Sie uns unter 07575-1725 an.<\\\/strong><\\\/p>\",\"text_style\":\"lead\"}},{\"name\":\"\",\"type\":\"text\",\"props\":{\"column_breakpoint\":\"m\",\"margin\":\"medium\",\"content\":\"\"}}]}]}]},{\"name\":\"Team\",\"type\":\"section\",\"props\":{\"width\":\"default\",\"padding\":\"none\",\"style\":\"default\",\"padding_remove_top\":false,\"image_size\":\"cover\",\"image_position\":\"center-center\",\"vertical_align\":\"middle\",\"title_position\":\"top-left\",\"title_rotation\":\"left\",\"title_breakpoint\":\"xl\"},\"children\":[{\"name\":\"\",\"type\":\"row\",\"children\":[{\"name\":\"\",\"type\":\"column\",\"props\":{\"image_position\":\"center-center\",\"media_overlay_gradient\":\"\",\"width_medium\":\"1-1\"},\"children\":[{\"name\":\"\",\"type\":\"headline\",\"props\":{\"title_element\":\"h2\",\"text_align\":\"center\",\"text_align_breakpoint\":\"s\",\"text_align_fallback\":\"left\",\"margin\":\"medium\",\"content\":\"Wir sind Ihre Ansprechpartner\",\"margin_remove_top\":false}},{\"name\":\"\",\"type\":\"grid\",\"props\":{\"show_title\":true,\"show_meta\":true,\"show_content\":true,\"show_image\":true,\"show_link\":false,\"grid_default\":\"1\",\"grid_medium\":\"2\",\"title_element\":\"h3\",\"meta_style\":\"\",\"meta_align\":\"below-title\",\"icon_ratio\":4,\"image_align\":\"top\",\"image_grid_width\":\"1-2\",\"link_text\":\"Read more\",\"link_style\":\"default\",\"margin\":\"default\",\"meta_margin\":\"remove\",\"image_width\":\"920\",\"meta_color\":\"muted\",\"filter_style\":\"tab\",\"filter_all\":true,\"filter_position\":\"top\",\"filter_align\":\"left\",\"filter_grid_width\":\"auto\",\"title_align\":\"top\",\"title_grid_width\":\"1-2\",\"image_svg_color\":\"emphasis\",\"item_animation\":\"\",\"title_hover_style\":\"reset\",\"filter_grid_breakpoint\":\"m\",\"title_grid_breakpoint\":\"m\",\"image_grid_breakpoint\":\"m\",\"content_column_breakpoint\":\"m\",\"icon_width\":80,\"grid_row_gap\":\"large\",\"meta_element\":\"div\"},\"children\":[{\"name\":\"\",\"type\":\"grid_item\",\"props\":{\"title\":\"Stefan Stoll\",\"meta\":\"Gesch\\u00e4ftsf\\u00fchrer\",\"image\":\"wp-content\\\/uploads\\\/2022\\\/12\\\/Stefan_Stoll.jpg\",\"content\":\"Seit 1999 bin im Bereich der Holzbearbeitung t\\u00e4tig und bin 2003 in den elterlichen Betrieb eingestiegen. Nachdem ich 2010 meinen Schreinermeister gemacht habe, f\\u00fchre ich unser Unternehmen nun seit 2012 als Gesch\\u00e4ftsf\\u00fchrer. Bislang gab es kaum ein Projekt f\\u00fcr das ich mit meinem Team, noch keine L\\u00f6sung gefunden habe!\"}},{\"name\":\"\",\"type\":\"grid_item\",\"props\":{\"title\":\"Monika Me\\u00dfmer\",\"meta\":\"Kundenservice vor Ort\",\"image\":\"wp-content\\\/uploads\\\/2021\\\/07\\\/Monika-Messmer_web.jpg\",\"content\":\"Monika Me\\u00dfmer ist die gute Seele des Hauses, sie ist ihr Ansprechpartner rund um Angebote und Rechnungen. Auch unser Buchhaltung und die L\\u00f6hne sind bei bestens betreut. \"}},{\"name\":\"\",\"type\":\"grid_item\",\"props\":{\"title\":\"Friedhelm Stoll\",\"meta\":\"Senior-Chef\",\"image\":\"\",\"content\":\"\"}},{\"name\":\"\",\"type\":\"grid_item\",\"props\":{\"title\":\"E. Schatz\",\"meta\":\"Werkstattleitung\",\"image\":\"\",\"content\":\"Edgar ist seit vielen Jahren als Schreinermeister bei uns besch\\u00e4ftig, um genau zu sein ist er seit 1981 im Betrieb. Seine Aufgabengebiete sind die Arbeitsvorbereitung f\\u00fcr Holz und Holz-Alufenster, die Organisation und betreuung der Arbeitsabl\\u00e4uf in der Produktion.\"}}]}]}]}]},{\"name\":\"Contact\",\"type\":\"section\",\"props\":{\"width\":\"default\",\"padding\":\"small\",\"style\":\"default\",\"padding_remove_top\":true,\"image_size\":\"cover\",\"image_position\":\"center-center\",\"vertical_align\":\"middle\",\"title_position\":\"top-left\",\"title_rotation\":\"left\",\"title_breakpoint\":\"xl\",\"padding_remove_bottom\":true},\"children\":[{\"name\":\"\",\"type\":\"row\",\"children\":[{\"name\":\"\",\"type\":\"column\",\"props\":{\"image_position\":\"center-center\",\"media_overlay_gradient\":\"\",\"width_medium\":\"1-1\"},\"children\":[{\"name\":\"\",\"type\":\"headline\",\"props\":{\"title_element\":\"h2\",\"content\":\"\n\n<p>Wir freuen uns auf Ihre Anfrage.<\\\/p>\",\"text_align\":\"center\",\"title_style\":\"h3\",\"title_color\":\"secondary\",\"margin\":\"xlarge\"}}]}]}]}],\"version\":\"2.3.25\"} --><\/p>\n","protected":false},"excerpt":{"rendered":"<p>MIT DEM RICHTIGEN DURCHBLICK \u2013 SEIT 1911 Das Unternehmen &#8222;Fensterbau Stoll&#8220; wurde 1911 von Karl Stoll als Schreinerei mit den Arbeitsbereichen M\u00f6belschreinerei in der Schlossstra\u00dfe in Me\u00dfkirch gegr\u00fcndet. Hans Stoll f\u00fchrte es nach dem 2. Weltkrieg weiter und erweiterte den T\u00e4tigkeitsbereich als M\u00f6belschreiner und Parkettleger. 1980 \u00fcbernahm Friedhelm Stoll den Betrieb und optimierte die Grundlagen [&hellip;]<\/p>\n","protected":false},"author":1,"featured_media":0,"parent":0,"menu_order":3,"comment_status":"open","ping_status":"open","template":"","meta":[],"_links":{"self":[{"href":"https:\/\/fensterbaustoll.de\/index.php?rest_route=\/wp\/v2\/pages\/4"}],"collection":[{"href":"https:\/\/fensterbaustoll.de\/index.php?rest_route=\/wp\/v2\/pages"}],"about":[{"href":"https:\/\/fensterbaustoll.de\/index.php?rest_route=\/wp\/v2\/types\/page"}],"author":[{"embeddable":true,"href":"https:\/\/fensterbaustoll.de\/index.php?rest_route=\/wp\/v2\/users\/1"}],"replies":[{"embeddable":true,"href":"https:\/\/fensterbaustoll.de\/index.php?rest_route=%2Fwp%2Fv2%2Fcomments&post=4"}],"version-history":[{"count":48,"href":"https:\/\/fensterbaustoll.de\/index.php?rest_route=\/wp\/v2\/pages\/4\/revisions"}],"predecessor-version":[{"id":1559,"href":"https:\/\/fensterbaustoll.de\/index.php?rest_route=\/wp\/v2\/pages\/4\/revisions\/1559"}],"wp:attachment":[{"href":"https:\/\/fensterbaustoll.de\/index.php?rest_route=%2Fwp%2Fv2%2Fmedia&parent=4"}],"curies":[{"name":"wp","href":"https:\/\/api.w.org\/{rel}","templated":true}]}}